{"id":158,"date":"2020-12-03T18:14:46","date_gmt":"2020-12-03T17:14:46","guid":{"rendered":"http:\/\/f4d.dimgs.com\/?page_id=158"},"modified":"2021-01-26T22:41:28","modified_gmt":"2021-01-26T21:41:28","slug":"przydatne-linki-dla-firmy","status":"publish","type":"page","link":"https:\/\/finanse4d.pl\/index.php\/przydatne-linki-dla-firmy\/","title":{"rendered":"Przydatne linki"},"content":{"rendered":"\t\t<div data-elementor-type=\"wp-page\" data-elementor-id=\"158\" class=\"elementor elementor-158\">\n\t\t\t\t\t\t\t\t\t<section class=\"elementor-section elementor-top-section elementor-element elementor-element-bb91b68 elementor-section-boxed elementor-section-height-default elementor-section-height-default\" data-id=\"bb91b68\" data-element_type=\"section\">\n\t\t\t\t\t\t<div class=\"elementor-container elementor-column-gap-default\">\n\t\t\t\t\t<div class=\"elementor-column elementor-col-100 elementor-top-column elementor-element elementor-element-5529172\" data-id=\"5529172\" data-element_type=\"column\">\n\t\t\t<div class=\"elementor-widget-wrap elementor-element-populated\">\n\t\t\t\t\t\t\t\t<div class=\"elementor-element elementor-element-d778c18 elementor-widget elementor-widget-text-editor\" data-id=\"d778c18\" data-element_type=\"widget\" data-widget_type=\"text-editor.default\">\n\t\t\t\t<div class=\"elementor-widget-container\">\n\t\t\t\t\t\t\t<p><strong>Portal podatkowy<\/strong> <br \/><a href=\"https:\/\/www.podatki.gov.pl\/\">www.podatki.gov.pl<\/a><\/p><p><strong>E-deklaracje<\/strong><br \/><a href=\"https:\/\/www.podatki.gov.pl\/abc-podatkow\/e-deklaracje-rejestracja\/\">www.podatki.gov.pl\/abc-podatkow\/e-deklaracje-rejestracja<\/a><\/p><p><strong>E-KRS<\/strong><br \/><a href=\"https:\/\/ekrs.ms.gov.pl\/\">www.ekrs.ms.gov.pl<\/a><\/p><p><strong>Centralna Ewidencja i Informacja o Dzia\u0142alno\u015bci Gospodarczej<\/strong> <br \/><a href=\"https:\/\/prod.ceidg.gov.pl\/ceidg.cms.engine\/\">www.prod.ceidg.gov.pl<\/a><\/p><p><strong>G\u0142\u00f3wny Urz\u0105d Statystyczny<\/strong><br \/><a href=\"https:\/\/wyszukiwarkaregon.stat.gov.pl\/appBIR\/index.aspx\">www.wyszukiwarkaregon.stat.gov.pl<\/a><\/p><p><strong>Potwierdzenie numeru VAT (VIES)<\/strong><br \/><a href=\"https:\/\/ec.europa.eu\/taxation_customs\/vies\/\">www.ec.europa.eu<\/a><\/p><p><strong>Generator mikrorachunku podatkowego<\/strong><br \/><a href=\"https:\/\/www.podatki.gov.pl\/generator-mikrorachunku-podatkowego\">www.podatki.gov.pl\/generator-mikrorachunku-podatkowego<\/a><\/p><p><strong>Wykaz podatnik\u00f3w VAT<\/strong><br \/><a href=\"https:\/\/www.podatki.gov.pl\/wykaz-podatnikow-vat-wyszukiwarka\">www.podatki.gov.pl\/wykaz-podatnikow-vat-wyszukiwarka<\/a><\/p>\t\t\t\t\t\t<\/div>\n\t\t\t\t<\/div>\n\t\t\t\t\t<\/div>\n\t\t<\/div>\n\t\t\t\t\t\t\t<\/div>\n\t\t<\/section>\n\t\t\t\t\t\t\t<\/div>\n\t\t","protected":false},"excerpt":{"rendered":"<p>Portal podatkowy www.podatki.gov.pl E-deklaracje www.podatki.gov.pl\/abc-podatkow\/e-deklaracje-rejestracja E-KRS www.ekrs.ms.gov.pl Centralna Ewidencja i Informacja o Dzia\u0142alno\u015bci Gospodarczej www.prod.ceidg.gov.pl G\u0142\u00f3wny Urz\u0105d Statystyczny www.wyszukiwarkaregon.stat.gov.pl Potwierdzenie numeru VAT (VIES) www.ec.europa.eu Generator&hellip;<\/p>\n","protected":false},"author":1,"featured_media":0,"parent":0,"menu_order":0,"comment_status":"closed","ping_status":"closed","template":"","meta":[],"_links":{"self":[{"href":"https:\/\/finanse4d.pl\/index.php\/wp-json\/wp\/v2\/pages\/158"}],"collection":[{"href":"https:\/\/finanse4d.pl\/index.php\/wp-json\/wp\/v2\/pages"}],"about":[{"href":"https:\/\/finanse4d.pl\/index.php\/wp-json\/wp\/v2\/types\/page"}],"author":[{"embeddable":true,"href":"https:\/\/finanse4d.pl\/index.php\/wp-json\/wp\/v2\/users\/1"}],"replies":[{"embeddable":true,"href":"https:\/\/finanse4d.pl\/index.php\/wp-json\/wp\/v2\/comments?post=158"}],"version-history":[{"count":12,"href":"https:\/\/finanse4d.pl\/index.php\/wp-json\/wp\/v2\/pages\/158\/revisions"}],"predecessor-version":[{"id":282,"href":"https:\/\/finanse4d.pl\/index.php\/wp-json\/wp\/v2\/pages\/158\/revisions\/282"}],"wp:attachment":[{"href":"https:\/\/finanse4d.pl\/index.php\/wp-json\/wp\/v2\/media?parent=158"}],"curies":[{"name":"wp","href":"https:\/\/api.w.org\/{rel}","templated":true}]}}