{"id":27,"date":"2020-11-09T08:53:40","date_gmt":"2020-11-09T07:53:40","guid":{"rendered":"http:\/\/f4d.dimgs.com\/?page_id=27"},"modified":"2020-11-10T09:54:15","modified_gmt":"2020-11-10T08:54:15","slug":"nasze-uslugi","status":"publish","type":"page","link":"https:\/\/finanse4d.pl\/index.php\/nasze-uslugi\/","title":{"rendered":"Nasz zesp\u00f3\u0142"},"content":{"rendered":"\t\t<div data-elementor-type=\"wp-page\" data-elementor-id=\"27\" class=\"elementor elementor-27\">\n\t\t\t\t\t\t\t\t\t<section class=\"elementor-section elementor-top-section elementor-element elementor-element-f09d3e7 elementor-section-boxed elementor-section-height-default elementor-section-height-default\" data-id=\"f09d3e7\" data-element_type=\"section\">\n\t\t\t\t\t\t<div class=\"elementor-container elementor-column-gap-default\">\n\t\t\t\t\t<div class=\"elementor-column elementor-col-100 elementor-top-column elementor-element elementor-element-a974605\" data-id=\"a974605\" data-element_type=\"column\">\n\t\t\t<div class=\"elementor-widget-wrap elementor-element-populated\">\n\t\t\t\t\t\t\t\t<div class=\"elementor-element elementor-element-fbc6894 elementor-widget elementor-widget-text-editor\" data-id=\"fbc6894\" data-element_type=\"widget\" data-widget_type=\"text-editor.default\">\n\t\t\t\t<div class=\"elementor-widget-container\">\n\t\t\t\t\t\t\t<p>Nasz zesp\u00f3\u0142 prowadzony jest zgodnie z ideami rzetelnej wsp\u00f3\u0142pracy, \nkt\u00f3rych podstaw\u0105 jest budowanie trwa\u0142ych relacji i wzajemnego zaufania. \nPrzekazuj\u0105c swoj\u0105 wiedz\u0119 i umiej\u0119tno\u015bci skupiamy si\u0119 r\u00f3wnie\u017c na \nzapewnieniu\n naszym Klientom jako\u015bci \u015bwiadczonych us\u0142ug, bezpiecze\u0144stwa oraz \nkomfortu prowadzenia dzia\u0142alno\u015bci. Dodatkowo wsp\u00f3\u0142pracujemy z rzesz\u0105 \nekspert\u00f3w, specjalizuj\u0105cych si\u0119 w kwestiach prawnych, doradztwie \npodatkowym, jak i us\u0142ugach notarialnych. Nieustannie poszerzamy\n zakres swoich us\u0142ug, staraj\u0105c si\u0119 odpowiedzie\u0107 na Pa\u0144stwa oczekiwania i\n potrzeby. Uwa\u017camy, \u017ce profesjonalne wsparcie ksi\u0119gowe i kadrowe jest \nnajlepszym rozwi\u0105zaniem, zar\u00f3wno dla pocz\u0105tkuj\u0105cych przedsi\u0119biorc\u00f3w, jak\n i do\u015bwiadczonych firm.\n<\/p>\t\t\t\t\t\t<\/div>\n\t\t\t\t<\/div>\n\t\t\t\t\t<\/div>\n\t\t<\/div>\n\t\t\t\t\t\t\t<\/div>\n\t\t<\/section>\n\t\t\t\t<section class=\"elementor-section elementor-top-section elementor-element elementor-element-4033b335 elementor-section-content-middle elementor-section-boxed elementor-section-height-default elementor-section-height-default\" data-id=\"4033b335\" data-element_type=\"section\">\n\t\t\t\t\t\t<div class=\"elementor-container elementor-column-gap-no\">\n\t\t\t\t\t<div class=\"elementor-column elementor-col-50 elementor-top-column elementor-element elementor-element-4ec5166b\" data-id=\"4ec5166b\" data-element_type=\"column\">\n\t\t\t<div class=\"elementor-widget-wrap elementor-element-populated\">\n\t\t\t\t\t\t\t\t<div class=\"elementor-element elementor-element-6ec246b2 elementor-widget elementor-widget-image\" data-id=\"6ec246b2\" data-element_type=\"widget\" data-widget_type=\"image.default\">\n\t\t\t\t<div class=\"elementor-widget-container\">\n\t\t\t\t\t\t\t\t\t\t\t\t\t\t\t<img width=\"800\" height=\"600\" src=\"https:\/\/finanse4d.pl\/wp-content\/uploads\/2020\/11\/ava-3.jpg\" class=\"attachment-full size-full wp-image-102\" alt=\"\" loading=\"lazy\" srcset=\"https:\/\/finanse4d.pl\/wp-content\/uploads\/2020\/11\/ava-3.jpg 800w, https:\/\/finanse4d.pl\/wp-content\/uploads\/2020\/11\/ava-3-300x225.jpg 300w, https:\/\/finanse4d.pl\/wp-content\/uploads\/2020\/11\/ava-3-768x576.jpg 768w\" sizes=\"(max-width: 800px) 100vw, 800px\" \/>\t\t\t\t\t\t\t\t\t\t\t\t\t\t\t<\/div>\n\t\t\t\t<\/div>\n\t\t\t\t\t<\/div>\n\t\t<\/div>\n\t\t\t\t<div class=\"elementor-column elementor-col-50 elementor-top-column elementor-element elementor-element-2bbff364\" data-id=\"2bbff364\" data-element_type=\"column\">\n\t\t\t<div class=\"elementor-widget-wrap elementor-element-populated\">\n\t\t\t\t\t\t\t\t<div class=\"elementor-element elementor-element-81b71ae elementor-view-default elementor-widget elementor-widget-icon\" data-id=\"81b71ae\" data-element_type=\"widget\" data-widget_type=\"icon.default\">\n\t\t\t\t<div class=\"elementor-widget-container\">\n\t\t\t\t\t<div class=\"elementor-icon-wrapper\">\n\t\t\t<div class=\"elementor-icon\">\n\t\t\t\t\t\t\t<i class=\"fa fa-quote-left\" aria-hidden=\"true\"><\/i>\n\t\t\t\t\t\t<\/div>\n\t\t<\/div>\n\t\t\t\t<\/div>\n\t\t\t\t<\/div>\n\t\t\t\t<div class=\"elementor-element elementor-element-c35a60 elementor-widget elementor-widget-text-editor\" data-id=\"c35a60\" data-element_type=\"widget\" data-widget_type=\"text-editor.default\">\n\t\t\t\t<div class=\"elementor-widget-container\">\n\t\t\t\t\t\t\t<p>I am text block. Click edit button to change this text. Lorem ipsum dolor sit amet, consectetur adipiscing elit. Ut elit tellus, luctus nec ullamcorper mattis, pulvinar dapibus leo.\u00a0It is a long established fact that a reader will be distracted by the readable content of a page when looking at its layout.<\/p>\t\t\t\t\t\t<\/div>\n\t\t\t\t<\/div>\n\t\t\t\t<div class=\"elementor-element elementor-element-17594599 elementor-widget elementor-widget-heading\" data-id=\"17594599\" data-element_type=\"widget\" data-widget_type=\"heading.default\">\n\t\t\t\t<div class=\"elementor-widget-container\">\n\t\t\t<h2 class=\"elementor-heading-title elementor-size-default\">Mr Smith<\/h2>\t\t<\/div>\n\t\t\t\t<\/div>\n\t\t\t\t<div class=\"elementor-element elementor-element-1b53ed31 elementor-widget elementor-widget-heading\" data-id=\"1b53ed31\" data-element_type=\"widget\" data-widget_type=\"heading.default\">\n\t\t\t\t<div class=\"elementor-widget-container\">\n\t\t\t<h2 class=\"elementor-heading-title elementor-size-default\">Head of Sales , f4d<\/h2>\t\t<\/div>\n\t\t\t\t<\/div>\n\t\t\t\t\t<\/div>\n\t\t<\/div>\n\t\t\t\t\t\t\t<\/div>\n\t\t<\/section>\n\t\t\t\t\t\t\t<\/div>\n\t\t","protected":false},"excerpt":{"rendered":"<p>Nasz zesp\u00f3\u0142 prowadzony jest zgodnie z ideami rzetelnej wsp\u00f3\u0142pracy, kt\u00f3rych podstaw\u0105 jest budowanie trwa\u0142ych relacji i wzajemnego zaufania. Przekazuj\u0105c swoj\u0105 wiedz\u0119 i umiej\u0119tno\u015bci skupiamy si\u0119&hellip;<\/p>\n","protected":false},"author":1,"featured_media":0,"parent":0,"menu_order":0,"comment_status":"closed","ping_status":"closed","template":"","meta":[],"_links":{"self":[{"href":"https:\/\/finanse4d.pl\/index.php\/wp-json\/wp\/v2\/pages\/27"}],"collection":[{"href":"https:\/\/finanse4d.pl\/index.php\/wp-json\/wp\/v2\/pages"}],"about":[{"href":"https:\/\/finanse4d.pl\/index.php\/wp-json\/wp\/v2\/types\/page"}],"author":[{"embeddable":true,"href":"https:\/\/finanse4d.pl\/index.php\/wp-json\/wp\/v2\/users\/1"}],"replies":[{"embeddable":true,"href":"https:\/\/finanse4d.pl\/index.php\/wp-json\/wp\/v2\/comments?post=27"}],"version-history":[{"count":32,"href":"https:\/\/finanse4d.pl\/index.php\/wp-json\/wp\/v2\/pages\/27\/revisions"}],"predecessor-version":[{"id":107,"href":"https:\/\/finanse4d.pl\/index.php\/wp-json\/wp\/v2\/pages\/27\/revisions\/107"}],"wp:attachment":[{"href":"https:\/\/finanse4d.pl\/index.php\/wp-json\/wp\/v2\/media?parent=27"}],"curies":[{"name":"wp","href":"https:\/\/api.w.org\/{rel}","templated":true}]}}